{"id":45,"date":"2022-09-22T22:44:28","date_gmt":"2022-09-22T22:44:28","guid":{"rendered":"https:\/\/ueamericadelsur.edu.ec\/wp\/?page_id=45"},"modified":"2022-09-22T22:44:28","modified_gmt":"2022-09-22T22:44:28","slug":"contacto","status":"publish","type":"page","link":"https:\/\/ueamericadelsur.edu.ec\/copia\/contacto\/","title":{"rendered":"Contacto"},"content":{"rendered":"<style>#kt-layout-id_d4c42e-a2{margin-top:0px;margin-bottom:0px;}#kt-layout-id_d4c42e-a2 > .kt-row-column-wrap{align-content:start;}:where(#kt-layout-id_d4c42e-a2 > .kt-row-column-wrap) > .wp-block-kadence-column{justify-content:start;}#kt-layout-id_d4c42e-a2 > .kt-row-column-wrap{column-gap:var(--global-kb-gap-md, 2rem);row-gap:var(--global-kb-gap-md, 2rem);padding-top:var( --global-kb-row-default-top, 25px );padding-bottom:var( --global-kb-row-default-bottom, 25px );padding-top:0px;padding-left:0px;padding-right:0px;grid-template-columns:minmax(0, 1fr);}#kt-layout-id_d4c42e-a2 > .kt-row-layout-overlay{opacity:0.30;}#kt-layout-id_d4c42e-a2 .kt-row-layout-bottom-sep{height:100px;}#kt-layout-id_d4c42e-a2 .kt-row-layout-bottom-sep svg{width:100%;}#kt-layout-id_d4c42e-a2 .kt-row-layout-bottom-sep svg{fill:#ffffff!important;}@media all and (max-width: 1024px){#kt-layout-id_d4c42e-a2 > .kt-row-column-wrap{grid-template-columns:minmax(0, 1fr);}}@media all and (max-width: 1024px){#kt-layout-id_d4c42e-a2 .kt-row-layout-bottom-sep{height:px;}}@media all and (max-width: 1024px){#kt-layout-id_d4c42e-a2 .kt-row-layout-bottom-sep svg{width:%;}}@media all and (max-width: 767px){#kt-layout-id_d4c42e-a2 > .kt-row-column-wrap{grid-template-columns:minmax(0, 1fr);}#kt-layout-id_d4c42e-a2 .kt-row-layout-bottom-sep{height:px;}#kt-layout-id_d4c42e-a2 .kt-row-layout-bottom-sep svg{width:%;}}<\/style>\n<div class=\"wp-block-kadence-rowlayout alignfull\"><div id=\"kt-layout-id_d4c42e-a2\" class=\"kt-row-layout-inner kt-layout-id_d4c42e-a2\"><div class=\"kt-row-column-wrap kt-has-1-columns kt-gutter-default kt-v-gutter-default kt-row-valign-top kt-row-layout-equal kt-tab-layout-inherit kt-m-colapse-left-to-right kt-mobile-layout-row\"><style>.kadence-column_1c7d37-56 > .kt-inside-inner-col{border-top-width:0px;border-right-width:0px;border-bottom-width:0px;border-left-width:0px;}.kadence-column_1c7d37-56 > .kt-inside-inner-col,.kadence-column_1c7d37-56 > .kt-inside-inner-col:before{border-top-left-radius:0px;border-top-right-radius:0px;border-bottom-right-radius:0px;border-bottom-left-radius:0px;}.kadence-column_1c7d37-56 > .kt-inside-inner-col{column-gap:var(--global-kb-gap-sm, 1rem);}.kadence-column_1c7d37-56 > .kt-inside-inner-col{flex-direction:column;}.kadence-column_1c7d37-56 > .kt-inside-inner-col > .aligncenter{width:100%;}.kadence-column_1c7d37-56 > .kt-inside-inner-col:before{opacity:0.3;}.kadence-column_1c7d37-56{position:relative;}@media all and (max-width: 1024px){.kadence-column_1c7d37-56 > .kt-inside-inner-col{flex-direction:column;justify-content:center;}}@media all and (max-width: 767px){.kadence-column_1c7d37-56 > .kt-inside-inner-col{flex-direction:column;justify-content:center;}}<\/style>\n<div class=\"wp-block-kadence-column inner-column-1 kadence-column_1c7d37-56\"><div class=\"kt-inside-inner-col\"><style>.kb-google-maps-container_8d62ae-e1{height:450px;}<\/style>\n<div class=\"kb-google-maps-container kb-google-maps-container_8d62ae-e1\" data-mapid=\"_8d62ae-e1\"><iframe width=\"100%\" height=\"100%\" style=\"border:0\" loading=\"lazy\" src=\"https:\/\/www.google.com\/maps\/embed\/v1\/place?key=AIzaSyBAM2o7PiQqwk15LC1XRH2e_KJ-jUa7KYk&amp;zoom=17&amp;maptype=roadmap&amp;q=Los%20Rosales%20mz.%20O%2015-16-17%2C%20Dur%C3%A1n%2C%20Ecuador\"><\/iframe><\/div>\n<script>function kb_google_map_8d62aee1() { let center = { lat: 37.8201, lng: -122.4781}; let map = new google.maps.Map(document.getElementById(\"kb-google-map_8d62aee1\"), {\n\t\t\t\t\t    zoom: 17,\n\t\t\t\t\t    center: center,});let marker = new google.maps.Marker({   position: { lat: 37.8201, lng: -122.4781},    map: map,  });}<\/script><\/div><\/div>\n<\/div><\/div><\/div>\n\n\n<style>#kt-layout-id_8d64ff-0a > .kt-row-column-wrap{align-content:start;}:where(#kt-layout-id_8d64ff-0a > .kt-row-column-wrap) > .wp-block-kadence-column{justify-content:start;}#kt-layout-id_8d64ff-0a > .kt-row-column-wrap{column-gap:var(--global-kb-gap-md, 2rem);row-gap:var(--global-kb-gap-md, 2rem);padding-top:var( --global-kb-row-default-top, 25px );padding-bottom:var( --global-kb-row-default-bottom, 25px );padding-top:50px;padding-bottom:50px;grid-template-columns:repeat(2, minmax(0, 1fr));}#kt-layout-id_8d64ff-0a > .kt-row-layout-overlay{opacity:0.30;}@media all and (max-width: 1024px){#kt-layout-id_8d64ff-0a > .kt-row-column-wrap{grid-template-columns:repeat(2, minmax(0, 1fr));}}@media all and (max-width: 767px){#kt-layout-id_8d64ff-0a > .kt-row-column-wrap{grid-template-columns:minmax(0, 1fr);}}<\/style>\n<div class=\"wp-block-kadence-rowlayout alignnone\"><div id=\"kt-layout-id_8d64ff-0a\" class=\"kt-row-layout-inner kt-layout-id_8d64ff-0a\"><div class=\"kt-row-column-wrap kt-has-2-columns kt-gutter-default kt-v-gutter-default kt-row-valign-top kt-row-layout-equal kt-tab-layout-inherit kt-m-colapse-left-to-right kt-mobile-layout-row\"><style>.kadence-column_75bc31-aa > .kt-inside-inner-col{border-top-width:0px;border-right-width:0px;border-bottom-width:0px;border-left-width:0px;}.kadence-column_75bc31-aa > .kt-inside-inner-col,.kadence-column_75bc31-aa > .kt-inside-inner-col:before{border-top-left-radius:0px;border-top-right-radius:0px;border-bottom-right-radius:0px;border-bottom-left-radius:0px;}.kadence-column_75bc31-aa > .kt-inside-inner-col{column-gap:var(--global-kb-gap-sm, 1rem);}.kadence-column_75bc31-aa > .kt-inside-inner-col{flex-direction:column;}.kadence-column_75bc31-aa > .kt-inside-inner-col > .aligncenter{width:100%;}.kadence-column_75bc31-aa > .kt-inside-inner-col:before{opacity:0.3;}.kadence-column_75bc31-aa{position:relative;}@media all and (max-width: 1024px){.kadence-column_75bc31-aa > .kt-inside-inner-col{flex-direction:column;justify-content:center;}}@media all and (max-width: 767px){.kadence-column_75bc31-aa > .kt-inside-inner-col{flex-direction:column;justify-content:center;}}<\/style>\n<div class=\"wp-block-kadence-column inner-column-1 kadence-column_75bc31-aa\"><div class=\"kt-inside-inner-col\"><style>.wp-block-kadence-advancedheading.kt-adv-heading_919ded-3f, .wp-block-kadence-advancedheading.kt-adv-heading_919ded-3f[data-kb-block=\"kb-adv-heading_919ded-3f\"]{padding-bottom:20px;font-weight:bold;font-style:normal;}.wp-block-kadence-advancedheading.kt-adv-heading_919ded-3f mark.kt-highlight, .wp-block-kadence-advancedheading.kt-adv-heading_919ded-3f[data-kb-block=\"kb-adv-heading_919ded-3f\"] mark.kt-highlight{font-style:normal;color:#f76a0c;-webkit-box-decoration-break:clone;box-decoration-break:clone;padding-top:0px;padding-right:0px;padding-bottom:0px;padding-left:0px;}.wp-block-kadence-advancedheading.kt-adv-heading_919ded-3f img.kb-inline-image, .wp-block-kadence-advancedheading.kt-adv-heading_919ded-3f[data-kb-block=\"kb-adv-heading_919ded-3f\"] img.kb-inline-image{width:150px;vertical-align:baseline;}<\/style>\n<h4 class=\"kt-adv-heading_919ded-3f wp-block-kadence-advancedheading has-theme-palette-3-color has-text-color\" data-kb-block=\"kb-adv-heading_919ded-3f\">Contactar con Nosotros<\/h4>\n\n\n<style>.kadence-form-_333a5a-ad .kb-form .kadence-blocks-form-field .kb-forms-submit{color:var(--global-palette9, #ffffff);background:var(--global-palette3, #1A202C);}.kadence-form-_333a5a-ad .kb-form .kadence-blocks-form-field .kb-forms-submit:hover, .kadence-form-_333a5a-ad .kb-form .kadence-blocks-form-field .kb-forms-submit:focus {color:#ffffff;background:var(--global-palette1, #3182CE);}.kadence-form-_333a5a-ad .kb-form .kadence-blocks-form-field .kb-forms-submit{padding-top:10px;padding-right:40px;padding-bottom:10px;padding-left:40px;}.kadence-form-_333a5a-ad .kb-form .kadence-blocks-form-field .kb-forms-submit{font-size:15px;}.kb-form input.kadence-blocks-field.verify{opacity:0.0;position:absolute;top:0.0;left:0.0;width:0.0;height:0.0;z-index:-1;}<\/style>\n<div class=\"wp-block-kadence-form kadence-form-_333a5a-ad kb-form-wrap\"><form class=\"kb-form\" action=\"\" method=\"post\"><div class=\"kadence-blocks-form-field kb-field-desk-width-100 kb-input-size-standard\"><input name=\"kb_field_0\" id=\"kb_field__333a5a-ad_0\" data-label=\"Nombre\" type=\"text\" placeholder=\"Nombre y Apellido\" value=\"\" data-type=\"text\" class=\"kb-field kb-text-style-field kb-text-field kb-field-0\" data-required=\"yes\"\/><\/div><div class=\"kadence-blocks-form-field kb-form-field-1 kb-field-desk-width-50 kb-input-size-standard\"><input name=\"kb_field_1\" id=\"kb_field__333a5a-ad_1\" data-label=\"Email\" type=\"email\" placeholder=\"Email\" value=\"\" data-type=\"email\" class=\"kb-field kb-text-style-field kb-email-field kb-field-1\" data-required=\"yes\"\/><\/div><div class=\"kadence-blocks-form-field kb-form-field-2 kb-field-desk-width-50 kb-input-size-standard\"><input name=\"kb_field_2\" id=\"kb_field__333a5a-ad_2\" data-label=\"Tel\u00e9fono\" type=\"tel\" placeholder=\"Tel\u00e9fono\" value=\"\" data-type=\"tel\" class=\"kb-field kb-text-style-field kb-tel-field kb-field-2\" data-required=\"yes\"\/><\/div><div class=\"kadence-blocks-form-field kb-form-field-3 kb-field-desk-width-100 kb-input-size-standard\"><textarea name=\"kb_field_3\" id=\"kb_field__333a5a-ad_3\" data-label=\"Mensaje\" type=\"textarea\" placeholder=\"Mensaje\" data-type=\"textarea\" class=\"kb-field kb-text-style-field kb-textarea-field kb-field-3\" rows=\"4\" data-required=\"yes\"><\/textarea><\/div><input type=\"hidden\" name=\"_kb_form_id\" value=\"_333a5a-ad\"\/><input type=\"hidden\" name=\"_kb_form_post_id\" value=\"45\"\/><input type=\"hidden\" name=\"action\" value=\"kb_process_ajax_submit\"\/><label class=\"kadence-verify-label\">Email<input class=\"kadence-blocks-field verify\" type=\"text\" name=\"_kb_verify_email\" autocomplete=\"new-password\" aria-hidden=\"true\" placeholder=\"Email\" tabindex=\"-1\" data-1p-ignore=\"true\" data-lpignore=\"true\" \/><\/label><div class=\"kadence-blocks-form-field kb-submit-field kb-field-desk-width-100\"><button class=\"kb-forms-submit button kb-button-size-custom kb-button-width-auto\">Enviar<\/button><\/div><\/form><\/div>\n<noscript><div class=\"kadence-blocks-form-message kadence-blocks-form-warning\">Activar JavaScript en tu navegador para enviar el formulario<\/div><style>.kadence-form-_333a5a-ad .kadence-blocks-form-field.kb-submit-field { display: none; }<\/style><\/noscript><\/div><\/div>\n\n\n<style>.kadence-column_c32be3-a9 > .kt-inside-inner-col{padding-left:50px;}.kadence-column_c32be3-a9 > .kt-inside-inner-col{border-top-width:0px;border-right-width:0px;border-bottom-width:0px;border-left-width:0px;}.kadence-column_c32be3-a9 > .kt-inside-inner-col,.kadence-column_c32be3-a9 > .kt-inside-inner-col:before{border-top-left-radius:0px;border-top-right-radius:0px;border-bottom-right-radius:0px;border-bottom-left-radius:0px;}.kadence-column_c32be3-a9 > .kt-inside-inner-col{column-gap:var(--global-kb-gap-sm, 1rem);}.kadence-column_c32be3-a9 > .kt-inside-inner-col{flex-direction:column;}.kadence-column_c32be3-a9 > .kt-inside-inner-col > .aligncenter{width:100%;}.kadence-column_c32be3-a9 > .kt-inside-inner-col:before{opacity:0.3;}.kadence-column_c32be3-a9{position:relative;}@media all and (max-width: 1024px){.kadence-column_c32be3-a9 > .kt-inside-inner-col{flex-direction:column;justify-content:center;}}@media all and (max-width: 767px){.kadence-column_c32be3-a9 > .kt-inside-inner-col{padding-left:0px;flex-direction:column;justify-content:center;}}<\/style>\n<div class=\"wp-block-kadence-column inner-column-2 kadence-column_c32be3-a9\"><div class=\"kt-inside-inner-col\"><style>.wp-block-kadence-advancedheading.kt-adv-heading_91d836-d5, .wp-block-kadence-advancedheading.kt-adv-heading_91d836-d5[data-kb-block=\"kb-adv-heading_91d836-d5\"]{padding-bottom:20px;font-weight:bold;font-style:normal;}.wp-block-kadence-advancedheading.kt-adv-heading_91d836-d5 mark.kt-highlight, .wp-block-kadence-advancedheading.kt-adv-heading_91d836-d5[data-kb-block=\"kb-adv-heading_91d836-d5\"] mark.kt-highlight{font-style:normal;color:#f76a0c;-webkit-box-decoration-break:clone;box-decoration-break:clone;padding-top:0px;padding-right:0px;padding-bottom:0px;padding-left:0px;}.wp-block-kadence-advancedheading.kt-adv-heading_91d836-d5 img.kb-inline-image, .wp-block-kadence-advancedheading.kt-adv-heading_91d836-d5[data-kb-block=\"kb-adv-heading_91d836-d5\"] img.kb-inline-image{width:150px;vertical-align:baseline;}<\/style>\n<h4 class=\"kt-adv-heading_91d836-d5 wp-block-kadence-advancedheading has-theme-palette-3-color has-text-color\" data-kb-block=\"kb-adv-heading_91d836-d5\">Datos de Contacto<\/h4>\n\n\n<style>.wp-block-kadence-iconlist.kt-svg-icon-list-items_408abe-d5:not(.this-stops-third-party-issues){margin-top:0px;margin-bottom:0px;}.wp-block-kadence-iconlist.kt-svg-icon-list-items_408abe-d5 ul.kt-svg-icon-list:not(.this-prevents-issues):not(.this-stops-third-party-issues):not(.tijsloc){margin-top:0px;margin-right:0px;margin-bottom:0px;margin-left:0px;}.wp-block-kadence-iconlist.kt-svg-icon-list-items_408abe-d5 ul.kt-svg-icon-list{grid-row-gap:10px;}.wp-block-kadence-iconlist.kt-svg-icon-list-items_408abe-d5 ul.kt-svg-icon-list .kt-svg-icon-list-item-wrap .kt-svg-icon-list-single{margin-right:10px;}.kt-svg-icon-list-items_408abe-d5 ul.kt-svg-icon-list .kt-svg-icon-list-level-0 .kt-svg-icon-list-single svg{font-size:20px;}.kt-svg-icon-list-items_408abe-d5 ul.kt-svg-icon-list .kt-svg-icon-list-level-1 .kt-svg-icon-list-single svg{font-size:20px;}.kt-svg-icon-list-items_408abe-d5 ul.kt-svg-icon-list .kt-svg-icon-list-level-2 .kt-svg-icon-list-single svg{font-size:20px;}<\/style>\n<div class=\"wp-block-kadence-iconlist kt-svg-icon-list-items kt-svg-icon-list-items_408abe-d5 kt-svg-icon-list-columns-1 alignnone\"><ul class=\"kt-svg-icon-list\"><li class=\"kt-svg-icon-list-style-default kt-svg-icon-list-item-wrap kt-svg-icon-list-item-0 kt-svg-icon-list-level-undefined\"><div style=\"display:inline-flex;justify-content:center;align-items:center;color:var(--global-palette3)\" class=\"kt-svg-icon-list-single kt-svg-icon-list-single-fe_mapPin\"><svg style=\"display:inline-block;vertical-align:middle\" viewBox=\"0 0 24 24\" height=\"20\" width=\"20\" fill=\"none\" stroke=\"currentColor\" xmlns=\"http:\/\/www.w3.org\/2000\/svg\" stroke-width=\"2\" stroke-linecap=\"round\" stroke-linejoin=\"round\" aria-hidden=\"true\"><path d=\"M21 10c0 7-9 13-9 13s-9-6-9-13a9 9 0 0 1 18 0z\"><\/path><circle cx=\"12\" cy=\"10\" r=\"3\"><\/circle><\/svg><\/div><span class=\"kt-svg-icon-list-text\">Dur\u00e1n, Calle Jaime Rold\u00f3s Aguilera, Lotizaci\u00f3n Los Rosales Mz O, solares 15-18<\/span><\/li><li class=\"kt-svg-icon-list-style-default kt-svg-icon-list-item-wrap kt-svg-icon-list-item-1 kt-svg-icon-list-level-undefined\"><div style=\"display:inline-flex;justify-content:center;align-items:center;color:var(--global-palette3)\" class=\"kt-svg-icon-list-single kt-svg-icon-list-single-fe_phone\"><svg style=\"display:inline-block;vertical-align:middle\" viewBox=\"0 0 24 24\" height=\"20\" width=\"20\" fill=\"none\" stroke=\"currentColor\" xmlns=\"http:\/\/www.w3.org\/2000\/svg\" stroke-width=\"2\" stroke-linecap=\"round\" stroke-linejoin=\"round\" aria-hidden=\"true\"><path d=\"M22 16.92v3a2 2 0 0 1-2.18 2 19.79 19.79 0 0 1-8.63-3.07 19.5 19.5 0 0 1-6-6 19.79 19.79 0 0 1-3.07-8.67A2 2 0 0 1 4.11 2h3a2 2 0 0 1 2 1.72 12.84 12.84 0 0 0 .7 2.81 2 2 0 0 1-.45 2.11L8.09 9.91a16 16 0 0 0 6 6l1.27-1.27a2 2 0 0 1 2.11-.45 12.84 12.84 0 0 0 2.81.7A2 2 0 0 1 22 16.92z\"><\/path><\/svg><\/div><span class=\"kt-svg-icon-list-text\">042\u2013195423<\/span><\/li><li class=\"kt-svg-icon-list-style-default kt-svg-icon-list-item-wrap kt-svg-icon-list-item-2 kt-svg-icon-list-level-undefined\"><div style=\"display:inline-flex;justify-content:center;align-items:center;color:var(--global-palette3)\" class=\"kt-svg-icon-list-single kt-svg-icon-list-single-fe_mail\"><svg style=\"display:inline-block;vertical-align:middle\" viewBox=\"0 0 24 24\" height=\"20\" width=\"20\" fill=\"none\" stroke=\"currentColor\" xmlns=\"http:\/\/www.w3.org\/2000\/svg\" stroke-width=\"2\" stroke-linecap=\"round\" stroke-linejoin=\"round\" aria-hidden=\"true\"><path d=\"M4 4h16c1.1 0 2 .9 2 2v12c0 1.1-.9 2-2 2H4c-1.1 0-2-.9-2-2V6c0-1.1.9-2 2-2z\"><\/path><polyline points=\"22,6 12,13 2,6\"><\/polyline><\/svg><\/div><span class=\"kt-svg-icon-list-text\"><a href=\"mailto:ueamericadelsur@gmail.com\" target=\"_blank\" rel=\"noreferrer noopener\">ueamericadelsur@gmail.com<\/a><\/span><\/li><\/ul><\/div>\n\n\n\n<ul class=\"wp-block-social-links alignleft has-normal-icon-size is-layout-flex wp-block-social-links-is-layout-flex\"><li class=\"wp-social-link wp-social-link-facebook  wp-block-social-link\"><a href=\"https:\/\/www.facebook.com\/ueamericadelsur\" class=\"wp-block-social-link-anchor\"><svg width=\"24\" height=\"24\" viewBox=\"0 0 24 24\" version=\"1.1\" xmlns=\"http:\/\/www.w3.org\/2000\/svg\" aria-hidden=\"true\" focusable=\"false\"><path d=\"M12 2C6.5 2 2 6.5 2 12c0 5 3.7 9.1 8.4 9.9v-7H7.9V12h2.5V9.8c0-2.5 1.5-3.9 3.8-3.9 1.1 0 2.2.2 2.2.2v2.5h-1.3c-1.2 0-1.6.8-1.6 1.6V12h2.8l-.4 2.9h-2.3v7C18.3 21.1 22 17 22 12c0-5.5-4.5-10-10-10z\"><\/path><\/svg><span class=\"wp-block-social-link-label screen-reader-text\">Facebook<\/span><\/a><\/li>\n\n<li class=\"wp-social-link wp-social-link-instagram  wp-block-social-link\"><a href=\"https:\/\/www.instagram.com\/ueamericadelsur_ec\/\" class=\"wp-block-social-link-anchor\"><svg width=\"24\" height=\"24\" viewBox=\"0 0 24 24\" version=\"1.1\" xmlns=\"http:\/\/www.w3.org\/2000\/svg\" aria-hidden=\"true\" focusable=\"false\"><path d=\"M12,4.622c2.403,0,2.688,0.009,3.637,0.052c0.877,0.04,1.354,0.187,1.671,0.31c0.42,0.163,0.72,0.358,1.035,0.673 c0.315,0.315,0.51,0.615,0.673,1.035c0.123,0.317,0.27,0.794,0.31,1.671c0.043,0.949,0.052,1.234,0.052,3.637 s-0.009,2.688-0.052,3.637c-0.04,0.877-0.187,1.354-0.31,1.671c-0.163,0.42-0.358,0.72-0.673,1.035 c-0.315,0.315-0.615,0.51-1.035,0.673c-0.317,0.123-0.794,0.27-1.671,0.31c-0.949,0.043-1.233,0.052-3.637,0.052 s-2.688-0.009-3.637-0.052c-0.877-0.04-1.354-0.187-1.671-0.31c-0.42-0.163-0.72-0.358-1.035-0.673 c-0.315-0.315-0.51-0.615-0.673-1.035c-0.123-0.317-0.27-0.794-0.31-1.671C4.631,14.688,4.622,14.403,4.622,12 s0.009-2.688,0.052-3.637c0.04-0.877,0.187-1.354,0.31-1.671c0.163-0.42,0.358-0.72,0.673-1.035 c0.315-0.315,0.615-0.51,1.035-0.673c0.317-0.123,0.794-0.27,1.671-0.31C9.312,4.631,9.597,4.622,12,4.622 M12,3 C9.556,3,9.249,3.01,8.289,3.054C7.331,3.098,6.677,3.25,6.105,3.472C5.513,3.702,5.011,4.01,4.511,4.511 c-0.5,0.5-0.808,1.002-1.038,1.594C3.25,6.677,3.098,7.331,3.054,8.289C3.01,9.249,3,9.556,3,12c0,2.444,0.01,2.751,0.054,3.711 c0.044,0.958,0.196,1.612,0.418,2.185c0.23,0.592,0.538,1.094,1.038,1.594c0.5,0.5,1.002,0.808,1.594,1.038 c0.572,0.222,1.227,0.375,2.185,0.418C9.249,20.99,9.556,21,12,21s2.751-0.01,3.711-0.054c0.958-0.044,1.612-0.196,2.185-0.418 c0.592-0.23,1.094-0.538,1.594-1.038c0.5-0.5,0.808-1.002,1.038-1.594c0.222-0.572,0.375-1.227,0.418-2.185 C20.99,14.751,21,14.444,21,12s-0.01-2.751-0.054-3.711c-0.044-0.958-0.196-1.612-0.418-2.185c-0.23-0.592-0.538-1.094-1.038-1.594 c-0.5-0.5-1.002-0.808-1.594-1.038c-0.572-0.222-1.227-0.375-2.185-0.418C14.751,3.01,14.444,3,12,3L12,3z M12,7.378 c-2.552,0-4.622,2.069-4.622,4.622S9.448,16.622,12,16.622s4.622-2.069,4.622-4.622S14.552,7.378,12,7.378z M12,15 c-1.657,0-3-1.343-3-3s1.343-3,3-3s3,1.343,3,3S13.657,15,12,15z M16.804,6.116c-0.596,0-1.08,0.484-1.08,1.08 s0.484,1.08,1.08,1.08c0.596,0,1.08-0.484,1.08-1.08S17.401,6.116,16.804,6.116z\"><\/path><\/svg><span class=\"wp-block-social-link-label screen-reader-text\">Instagram<\/span><\/a><\/li>\n\n<li class=\"wp-social-link wp-social-link-twitter  wp-block-social-link\"><a href=\"https:\/\/www.twitter.com\/ueamericadelsur\" class=\"wp-block-social-link-anchor\"><svg width=\"24\" height=\"24\" viewBox=\"0 0 24 24\" version=\"1.1\" xmlns=\"http:\/\/www.w3.org\/2000\/svg\" aria-hidden=\"true\" focusable=\"false\"><path d=\"M22.23,5.924c-0.736,0.326-1.527,0.547-2.357,0.646c0.847-0.508,1.498-1.312,1.804-2.27 c-0.793,0.47-1.671,0.812-2.606,0.996C18.324,4.498,17.257,4,16.077,4c-2.266,0-4.103,1.837-4.103,4.103 c0,0.322,0.036,0.635,0.106,0.935C8.67,8.867,5.647,7.234,3.623,4.751C3.27,5.357,3.067,6.062,3.067,6.814 c0,1.424,0.724,2.679,1.825,3.415c-0.673-0.021-1.305-0.206-1.859-0.513c0,0.017,0,0.034,0,0.052c0,1.988,1.414,3.647,3.292,4.023 c-0.344,0.094-0.707,0.144-1.081,0.144c-0.264,0-0.521-0.026-0.772-0.074c0.522,1.63,2.038,2.816,3.833,2.85 c-1.404,1.1-3.174,1.756-5.096,1.756c-0.331,0-0.658-0.019-0.979-0.057c1.816,1.164,3.973,1.843,6.29,1.843 c7.547,0,11.675-6.252,11.675-11.675c0-0.178-0.004-0.355-0.012-0.531C20.985,7.47,21.68,6.747,22.23,5.924z\"><\/path><\/svg><span class=\"wp-block-social-link-label screen-reader-text\">Twitter<\/span><\/a><\/li><\/ul>\n<\/div><\/div>\n<\/div><\/div><\/div>\n","protected":false},"excerpt":{"rendered":"<p>Contactar con Nosotros Datos de Contacto<\/p>\n","protected":false},"author":1,"featured_media":0,"parent":0,"menu_order":0,"comment_status":"closed","ping_status":"closed","template":"","meta":{"_kad_blocks_custom_css":"","_kad_blocks_head_custom_js":"","_kad_blocks_body_custom_js":"","_kad_blocks_footer_custom_js":"","_kad_post_transparent":"","_kad_post_title":"","_kad_post_layout":"","_kad_post_sidebar_id":"","_kad_post_content_style":"","_kad_post_vertical_padding":"hide","_kad_post_feature":"","_kad_post_feature_position":"","_kad_post_header":false,"_kad_post_footer":false,"_kad_post_classname":"","footnotes":""},"class_list":["post-45","page","type-page","status-publish","hentry"],"featured_image_src_large":false,"author_info":{"display_name":"admin","author_link":"https:\/\/ueamericadelsur.edu.ec\/copia\/author\/admin\/"},"comment_info":0,"taxonomy_info":[],"_links":{"self":[{"href":"https:\/\/ueamericadelsur.edu.ec\/copia\/wp-json\/wp\/v2\/pages\/45","targetHints":{"allow":["GET"]}}],"collection":[{"href":"https:\/\/ueamericadelsur.edu.ec\/copia\/wp-json\/wp\/v2\/pages"}],"about":[{"href":"https:\/\/ueamericadelsur.edu.ec\/copia\/wp-json\/wp\/v2\/types\/page"}],"author":[{"embeddable":true,"href":"https:\/\/ueamericadelsur.edu.ec\/copia\/wp-json\/wp\/v2\/users\/1"}],"replies":[{"embeddable":true,"href":"https:\/\/ueamericadelsur.edu.ec\/copia\/wp-json\/wp\/v2\/comments?post=45"}],"version-history":[{"count":0,"href":"https:\/\/ueamericadelsur.edu.ec\/copia\/wp-json\/wp\/v2\/pages\/45\/revisions"}],"wp:attachment":[{"href":"https:\/\/ueamericadelsur.edu.ec\/copia\/wp-json\/wp\/v2\/media?parent=45"}],"curies":[{"name":"wp","href":"https:\/\/api.w.org\/{rel}","templated":true}]}}