{"id":534,"date":"2022-10-12T15:21:58","date_gmt":"2022-10-12T15:21:58","guid":{"rendered":"https:\/\/ueamericadelsur.edu.ec\/wp\/?page_id=534"},"modified":"2022-10-12T15:21:58","modified_gmt":"2022-10-12T15:21:58","slug":"estudiantes","status":"publish","type":"page","link":"https:\/\/ueamericadelsur.edu.ec\/copia\/estudiantes\/","title":{"rendered":"Estudiantes"},"content":{"rendered":"\n<div style=\"height:30px\" aria-hidden=\"true\" class=\"wp-block-spacer\"><\/div>\n\n\n<style>.wp-block-kadence-advancedheading.kt-adv-heading_41059b-be, .wp-block-kadence-advancedheading.kt-adv-heading_41059b-be[data-kb-block=\"kb-adv-heading_41059b-be\"]{margin-bottom:-10px;padding-bottom:0px;font-style:normal;}.wp-block-kadence-advancedheading.kt-adv-heading_41059b-be mark.kt-highlight, .wp-block-kadence-advancedheading.kt-adv-heading_41059b-be[data-kb-block=\"kb-adv-heading_41059b-be\"] mark.kt-highlight{font-style:normal;color:#f76a0c;-webkit-box-decoration-break:clone;box-decoration-break:clone;padding-top:0px;padding-right:0px;padding-bottom:0px;padding-left:0px;}.wp-block-kadence-advancedheading.kt-adv-heading_41059b-be img.kb-inline-image, .wp-block-kadence-advancedheading.kt-adv-heading_41059b-be[data-kb-block=\"kb-adv-heading_41059b-be\"] img.kb-inline-image{width:150px;vertical-align:baseline;}<\/style>\n<h2 class=\"kt-adv-heading_41059b-be wp-block-kadence-advancedheading\" data-kb-block=\"kb-adv-heading_41059b-be\">CONSEJO ESTUDIANTIL<\/h2>\n\n\n<style>.wp-block-kadence-spacer.kt-block-spacer-_436f6f-7d .kt-block-spacer{height:30px;}.wp-block-kadence-spacer.kt-block-spacer-_436f6f-7d .kt-divider{border-top-width:3px;height:1px;border-top-color:var(--global-palette2, #2B6CB0);width:80px;border-top-style:solid;}<\/style>\n<div class=\"wp-block-kadence-spacer aligncenter kt-block-spacer-_436f6f-7d\"><div class=\"kt-block-spacer kt-block-spacer-halign-left\"><hr class=\"kt-divider\"\/><\/div><\/div>\n\n\n\n<div style=\"height:30px\" aria-hidden=\"true\" class=\"wp-block-spacer\"><\/div>\n\n\n<div class=\"wp-block-image\">\n<figure class=\"aligncenter size-large\"><img loading=\"lazy\" decoding=\"async\" width=\"1024\" height=\"768\" src=\"https:\/\/ueamericadelsur.edu.ec\/copia\/wp-content\/uploads\/2022\/10\/CONSEJO-ESTUDIANTIL-1024x768.jpg\" alt=\"\" class=\"wp-image-535\" srcset=\"https:\/\/ueamericadelsur.edu.ec\/copia\/wp-content\/uploads\/2022\/10\/CONSEJO-ESTUDIANTIL-1024x768.jpg 1024w, https:\/\/ueamericadelsur.edu.ec\/copia\/wp-content\/uploads\/2022\/10\/CONSEJO-ESTUDIANTIL-300x225.jpg 300w, https:\/\/ueamericadelsur.edu.ec\/copia\/wp-content\/uploads\/2022\/10\/CONSEJO-ESTUDIANTIL-768x576.jpg 768w, https:\/\/ueamericadelsur.edu.ec\/copia\/wp-content\/uploads\/2022\/10\/CONSEJO-ESTUDIANTIL.jpg 1426w\" sizes=\"auto, (max-width: 1024px) 100vw, 1024px\" \/><\/figure>\n<\/div>\n\n<style>#kt-layout-id_6de85c-a9 > .kt-row-column-wrap{align-content:start;}:where(#kt-layout-id_6de85c-a9 > .kt-row-column-wrap) > .wp-block-kadence-column{justify-content:start;}#kt-layout-id_6de85c-a9 > .kt-row-column-wrap{column-gap:var(--global-kb-gap-md, 2rem);row-gap:var(--global-kb-gap-md, 2rem);max-width:800px;margin-left:auto;margin-right:auto;padding-top:var( --global-kb-row-default-top, 25px );padding-bottom:var( --global-kb-row-default-bottom, 25px );padding-bottom:50px;grid-template-columns:minmax(0, 1fr);}#kt-layout-id_6de85c-a9 > .kt-row-layout-overlay{opacity:0.30;}@media all and (max-width: 1024px){#kt-layout-id_6de85c-a9 > .kt-row-column-wrap{grid-template-columns:minmax(0, 1fr);}}@media all and (max-width: 767px){#kt-layout-id_6de85c-a9 > .kt-row-column-wrap{grid-template-columns:minmax(0, 1fr);}}<\/style>\n<div class=\"wp-block-kadence-rowlayout alignnone\"><div id=\"kt-layout-id_6de85c-a9\" class=\"kt-row-layout-inner kt-layout-id_6de85c-a9\"><div class=\"kt-row-column-wrap kt-has-1-columns kt-gutter-default kt-v-gutter-default kt-row-valign-top kt-row-layout-equal kt-tab-layout-inherit kt-m-colapse-left-to-right kt-mobile-layout-row\"><style>.kadence-column_74b68c-a9 > .kt-inside-inner-col{border-top-width:0px;border-right-width:0px;border-bottom-width:0px;border-left-width:0px;}.kadence-column_74b68c-a9 > .kt-inside-inner-col,.kadence-column_74b68c-a9 > .kt-inside-inner-col:before{border-top-left-radius:0px;border-top-right-radius:0px;border-bottom-right-radius:0px;border-bottom-left-radius:0px;}.kadence-column_74b68c-a9 > .kt-inside-inner-col{column-gap:var(--global-kb-gap-sm, 1rem);}.kadence-column_74b68c-a9 > .kt-inside-inner-col{flex-direction:column;}.kadence-column_74b68c-a9 > .kt-inside-inner-col > .aligncenter{width:100%;}.kadence-column_74b68c-a9 > .kt-inside-inner-col:before{opacity:0.3;}.kadence-column_74b68c-a9{position:relative;}@media all and (max-width: 1024px){.kadence-column_74b68c-a9 > .kt-inside-inner-col{flex-direction:column;justify-content:center;}}@media all and (max-width: 767px){.kadence-column_74b68c-a9 > .kt-inside-inner-col{flex-direction:column;justify-content:center;}}<\/style>\n<div class=\"wp-block-kadence-column inner-column-1 kadence-column_74b68c-a9\"><div class=\"kt-inside-inner-col\">\n<figure class=\"wp-block-table is-style-stripes\"><table><tbody><tr><td><strong>Presidenta<\/strong><\/td><td>Srta. Eileen Fiorella Torres Zea<\/td><\/tr><tr><td><strong>Vicepresidenta<\/strong><\/td><td>Sr. Carlos Eduardo Perez<\/td><\/tr><tr><td><strong>Secretaria<\/strong><\/td><td>Srta. Emily Taiz Campoverde Ponce<\/td><\/tr><tr><td><strong>Tesorero<\/strong><\/td><td>Sr. Michael Raul Rios Salazar<\/td><\/tr><tr><td><strong>1er vocal principal<\/strong><\/td><td>Sr. Joseph Isai Cruz Rivera<\/td><\/tr><tr><td><strong>2da vocal principal<\/strong><\/td><td>Srta. Kisbel de los \u00c1ngeles Bailon Arellano<\/td><\/tr><tr><td><strong>3er vocal principal<\/strong><\/td><td>Srta. Kendra Paco Tapia<\/td><\/tr><\/tbody><\/table><\/figure>\n<\/div><\/div>\n<\/div><\/div><\/div>\n\n\n<style>#kt-layout-id_3658a0-d2 > .kt-row-column-wrap{align-content:start;}:where(#kt-layout-id_3658a0-d2 > .kt-row-column-wrap) > .wp-block-kadence-column{justify-content:start;}#kt-layout-id_3658a0-d2 > .kt-row-column-wrap{column-gap:var(--global-kb-gap-md, 2rem);row-gap:var(--global-kb-gap-md, 2rem);padding-top:var( --global-kb-row-default-top, 25px );padding-bottom:var( --global-kb-row-default-bottom, 25px );padding-top:50px;padding-bottom:50px;grid-template-columns:minmax(0, 1fr);}#kt-layout-id_3658a0-d2 > .kt-row-layout-overlay{opacity:0.30;}@media all and (max-width: 1024px){#kt-layout-id_3658a0-d2 > .kt-row-column-wrap{grid-template-columns:minmax(0, 1fr);}}@media all and (max-width: 767px){#kt-layout-id_3658a0-d2 > .kt-row-column-wrap{grid-template-columns:minmax(0, 1fr);}}<\/style>\n<div class=\"wp-block-kadence-rowlayout alignnone\"><div id=\"kt-layout-id_3658a0-d2\" class=\"kt-row-layout-inner kt-layout-id_3658a0-d2\"><div class=\"kt-row-column-wrap kt-has-1-columns kt-gutter-default kt-v-gutter-default kt-row-valign-top kt-row-layout-equal kt-tab-layout-inherit kt-m-colapse-left-to-right kt-mobile-layout-row\"><style>.kadence-column_c13342-05 > .kt-inside-inner-col{border-top-width:0px;border-right-width:0px;border-bottom-width:0px;border-left-width:0px;}.kadence-column_c13342-05 > .kt-inside-inner-col,.kadence-column_c13342-05 > .kt-inside-inner-col:before{border-top-left-radius:0px;border-top-right-radius:0px;border-bottom-right-radius:0px;border-bottom-left-radius:0px;}.kadence-column_c13342-05 > .kt-inside-inner-col{column-gap:var(--global-kb-gap-sm, 1rem);}.kadence-column_c13342-05 > .kt-inside-inner-col{flex-direction:column;}.kadence-column_c13342-05 > .kt-inside-inner-col > .aligncenter{width:100%;}.kadence-column_c13342-05 > .kt-inside-inner-col:before{opacity:0.3;}.kadence-column_c13342-05{position:relative;}@media all and (max-width: 1024px){.kadence-column_c13342-05 > .kt-inside-inner-col{flex-direction:column;justify-content:center;}}@media all and (max-width: 767px){.kadence-column_c13342-05 > .kt-inside-inner-col{flex-direction:column;justify-content:center;}}<\/style>\n<div class=\"wp-block-kadence-column inner-column-1 kadence-column_c13342-05\"><div class=\"kt-inside-inner-col\"><style>.wp-block-kadence-advancedheading.kt-adv-heading_090100-9e, .wp-block-kadence-advancedheading.kt-adv-heading_090100-9e[data-kb-block=\"kb-adv-heading_090100-9e\"]{margin-bottom:-10px;padding-bottom:0px;font-style:normal;}.wp-block-kadence-advancedheading.kt-adv-heading_090100-9e mark.kt-highlight, .wp-block-kadence-advancedheading.kt-adv-heading_090100-9e[data-kb-block=\"kb-adv-heading_090100-9e\"] mark.kt-highlight{font-style:normal;color:#f76a0c;-webkit-box-decoration-break:clone;box-decoration-break:clone;padding-top:0px;padding-right:0px;padding-bottom:0px;padding-left:0px;}.wp-block-kadence-advancedheading.kt-adv-heading_090100-9e img.kb-inline-image, .wp-block-kadence-advancedheading.kt-adv-heading_090100-9e[data-kb-block=\"kb-adv-heading_090100-9e\"] img.kb-inline-image{width:150px;vertical-align:baseline;}<\/style>\n<h2 class=\"kt-adv-heading_090100-9e wp-block-kadence-advancedheading\" data-kb-block=\"kb-adv-heading_090100-9e\">ABANDERADOS<\/h2>\n\n\n<style>.wp-block-kadence-spacer.kt-block-spacer-_db20d9-77 .kt-block-spacer{height:30px;}.wp-block-kadence-spacer.kt-block-spacer-_db20d9-77 .kt-divider{border-top-width:3px;height:1px;border-top-color:var(--global-palette2, #2B6CB0);width:80px;border-top-style:solid;}<\/style>\n<div class=\"wp-block-kadence-spacer aligncenter kt-block-spacer-_db20d9-77\"><div class=\"kt-block-spacer kt-block-spacer-halign-left\"><hr class=\"kt-divider\"\/><\/div><\/div>\n\n\n\n<div style=\"height:30px\" aria-hidden=\"true\" class=\"wp-block-spacer\"><\/div>\n\n\n<div class=\"wp-block-image\">\n<figure class=\"aligncenter size-large\"><img loading=\"lazy\" decoding=\"async\" width=\"1024\" height=\"576\" src=\"https:\/\/ueamericadelsur.edu.ec\/copia\/wp-content\/uploads\/2022\/10\/ABANDERADOS1-1024x576.png\" alt=\"\" class=\"wp-image-550\" srcset=\"https:\/\/ueamericadelsur.edu.ec\/copia\/wp-content\/uploads\/2022\/10\/ABANDERADOS1-1024x576.png 1024w, https:\/\/ueamericadelsur.edu.ec\/copia\/wp-content\/uploads\/2022\/10\/ABANDERADOS1-300x169.png 300w, https:\/\/ueamericadelsur.edu.ec\/copia\/wp-content\/uploads\/2022\/10\/ABANDERADOS1-768x432.png 768w, https:\/\/ueamericadelsur.edu.ec\/copia\/wp-content\/uploads\/2022\/10\/ABANDERADOS1.png 1280w\" sizes=\"auto, (max-width: 1024px) 100vw, 1024px\" \/><\/figure>\n<\/div>\n\n<div class=\"wp-block-image\">\n<figure class=\"aligncenter size-large\"><img loading=\"lazy\" decoding=\"async\" width=\"1024\" height=\"576\" src=\"https:\/\/ueamericadelsur.edu.ec\/copia\/wp-content\/uploads\/2022\/10\/ABANDERADOS2-1024x576.png\" alt=\"\" class=\"wp-image-551\" srcset=\"https:\/\/ueamericadelsur.edu.ec\/copia\/wp-content\/uploads\/2022\/10\/ABANDERADOS2-1024x576.png 1024w, https:\/\/ueamericadelsur.edu.ec\/copia\/wp-content\/uploads\/2022\/10\/ABANDERADOS2-300x169.png 300w, https:\/\/ueamericadelsur.edu.ec\/copia\/wp-content\/uploads\/2022\/10\/ABANDERADOS2-768x432.png 768w, https:\/\/ueamericadelsur.edu.ec\/copia\/wp-content\/uploads\/2022\/10\/ABANDERADOS2.png 1280w\" sizes=\"auto, (max-width: 1024px) 100vw, 1024px\" \/><\/figure>\n<\/div>\n\n<div class=\"wp-block-image\">\n<figure class=\"aligncenter size-large\"><img loading=\"lazy\" decoding=\"async\" width=\"1024\" height=\"576\" src=\"https:\/\/ueamericadelsur.edu.ec\/copia\/wp-content\/uploads\/2022\/10\/ABANDERADOS3-1024x576.png\" alt=\"\" class=\"wp-image-552\" srcset=\"https:\/\/ueamericadelsur.edu.ec\/copia\/wp-content\/uploads\/2022\/10\/ABANDERADOS3-1024x576.png 1024w, https:\/\/ueamericadelsur.edu.ec\/copia\/wp-content\/uploads\/2022\/10\/ABANDERADOS3-300x169.png 300w, https:\/\/ueamericadelsur.edu.ec\/copia\/wp-content\/uploads\/2022\/10\/ABANDERADOS3-768x432.png 768w, https:\/\/ueamericadelsur.edu.ec\/copia\/wp-content\/uploads\/2022\/10\/ABANDERADOS3.png 1280w\" sizes=\"auto, (max-width: 1024px) 100vw, 1024px\" \/><\/figure>\n<\/div><\/div><\/div>\n<\/div><\/div><\/div>\n\n\n<style>#kt-layout-id_8b7af1-29 > .kt-row-column-wrap{align-content:center;}:where(#kt-layout-id_8b7af1-29 > .kt-row-column-wrap) > .wp-block-kadence-column{justify-content:center;}#kt-layout-id_8b7af1-29 > .kt-row-column-wrap{column-gap:var(--global-kb-gap-md, 2rem);row-gap:var(--global-kb-gap-md, 2rem);max-width:var( --global-content-width, 1290px );padding-left:var(--global-content-edge-padding);padding-right:var(--global-content-edge-padding);padding-top:var( --global-kb-row-default-top, 25px );padding-bottom:var( --global-kb-row-default-bottom, 25px );padding-top:50px;padding-bottom:50px;grid-template-columns:minmax(0, calc(40% - ((var(--global-kb-gap-md, 2rem) * 1 )\/2)))minmax(0, calc(60% - ((var(--global-kb-gap-md, 2rem) * 1 )\/2)));}#kt-layout-id_8b7af1-29 > .kt-row-layout-overlay{opacity:0.30;}@media all and (max-width: 1024px){#kt-layout-id_8b7af1-29 > .kt-row-column-wrap{grid-template-columns:repeat(2, minmax(0, 1fr));}}@media all and (max-width: 767px){#kt-layout-id_8b7af1-29 > .kt-row-column-wrap{grid-template-columns:minmax(0, 1fr);}}<\/style>\n<div class=\"wp-block-kadence-rowlayout alignfull\"><div id=\"kt-layout-id_8b7af1-29\" class=\"kt-row-layout-inner kt-row-has-bg kt-layout-id_8b7af1-29 has-theme-palette-8-background-color\"><div class=\"kt-row-column-wrap kt-has-2-columns kt-gutter-default kt-v-gutter-default kt-row-valign-middle kt-row-layout-equal kt-tab-layout-inherit kt-m-colapse-left-to-right kt-mobile-layout-row  kt-custom-first-width-40  kt-custom-second-width-60 kb-theme-content-width\"><style>.kadence-column_b239d6-dd > .kt-inside-inner-col{border-top-width:0px;border-right-width:0px;border-bottom-width:0px;border-left-width:0px;}.kadence-column_b239d6-dd > .kt-inside-inner-col,.kadence-column_b239d6-dd > .kt-inside-inner-col:before{border-top-left-radius:0px;border-top-right-radius:0px;border-bottom-right-radius:0px;border-bottom-left-radius:0px;}.kadence-column_b239d6-dd > .kt-inside-inner-col{column-gap:var(--global-kb-gap-sm, 1rem);}.kadence-column_b239d6-dd > .kt-inside-inner-col{flex-direction:column;}.kadence-column_b239d6-dd > .kt-inside-inner-col > .aligncenter{width:100%;}.kadence-column_b239d6-dd > .kt-inside-inner-col:before{opacity:0.3;}.kadence-column_b239d6-dd{position:relative;}@media all and (max-width: 1024px){.kadence-column_b239d6-dd > .kt-inside-inner-col{flex-direction:column;justify-content:center;}}@media all and (max-width: 767px){.kadence-column_b239d6-dd > .kt-inside-inner-col{flex-direction:column;justify-content:center;}}<\/style>\n<div class=\"wp-block-kadence-column inner-column-1 kadence-column_b239d6-dd\"><div class=\"kt-inside-inner-col\"><style>.wp-block-kadence-advancedheading.kt-adv-heading_8a1185-b3, .wp-block-kadence-advancedheading.kt-adv-heading_8a1185-b3[data-kb-block=\"kb-adv-heading_8a1185-b3\"]{margin-bottom:-10px;padding-bottom:0px;font-style:normal;}.wp-block-kadence-advancedheading.kt-adv-heading_8a1185-b3 mark.kt-highlight, .wp-block-kadence-advancedheading.kt-adv-heading_8a1185-b3[data-kb-block=\"kb-adv-heading_8a1185-b3\"] mark.kt-highlight{font-style:normal;color:#f76a0c;-webkit-box-decoration-break:clone;box-decoration-break:clone;padding-top:0px;padding-right:0px;padding-bottom:0px;padding-left:0px;}.wp-block-kadence-advancedheading.kt-adv-heading_8a1185-b3 img.kb-inline-image, .wp-block-kadence-advancedheading.kt-adv-heading_8a1185-b3[data-kb-block=\"kb-adv-heading_8a1185-b3\"] img.kb-inline-image{width:150px;vertical-align:baseline;}<\/style>\n<h2 class=\"kt-adv-heading_8a1185-b3 wp-block-kadence-advancedheading\" data-kb-block=\"kb-adv-heading_8a1185-b3\">PERFIL DEL ESTUDIANTE UEAS<\/h2>\n\n\n<style>.wp-block-kadence-spacer.kt-block-spacer-_6f987f-e6 .kt-block-spacer{height:30px;}.wp-block-kadence-spacer.kt-block-spacer-_6f987f-e6 .kt-divider{border-top-width:3px;height:1px;border-top-color:var(--global-palette2, #2B6CB0);width:80px;border-top-style:solid;}<\/style>\n<div class=\"wp-block-kadence-spacer aligncenter kt-block-spacer-_6f987f-e6\"><div class=\"kt-block-spacer kt-block-spacer-halign-left\"><hr class=\"kt-divider\"\/><\/div><\/div>\n\n\n\n<figure class=\"wp-block-image size-full\"><img loading=\"lazy\" decoding=\"async\" width=\"798\" height=\"598\" src=\"https:\/\/ueamericadelsur.edu.ec\/copia\/wp-content\/uploads\/2022\/10\/perfil.jpg\" alt=\"\" class=\"wp-image-553\" srcset=\"https:\/\/ueamericadelsur.edu.ec\/copia\/wp-content\/uploads\/2022\/10\/perfil.jpg 798w, https:\/\/ueamericadelsur.edu.ec\/copia\/wp-content\/uploads\/2022\/10\/perfil-300x225.jpg 300w, https:\/\/ueamericadelsur.edu.ec\/copia\/wp-content\/uploads\/2022\/10\/perfil-768x576.jpg 768w\" sizes=\"auto, (max-width: 798px) 100vw, 798px\" \/><\/figure>\n<\/div><\/div>\n\n\n<style>.kadence-column_7f382e-d6 > .kt-inside-inner-col{padding-left:50px;}.kadence-column_7f382e-d6 > .kt-inside-inner-col{border-top-width:0px;border-right-width:0px;border-bottom-width:0px;border-left-width:0px;}.kadence-column_7f382e-d6 > .kt-inside-inner-col,.kadence-column_7f382e-d6 > .kt-inside-inner-col:before{border-top-left-radius:0px;border-top-right-radius:0px;border-bottom-right-radius:0px;border-bottom-left-radius:0px;}.kadence-column_7f382e-d6 > .kt-inside-inner-col{column-gap:var(--global-kb-gap-sm, 1rem);}.kadence-column_7f382e-d6 > .kt-inside-inner-col{flex-direction:column;}.kadence-column_7f382e-d6 > .kt-inside-inner-col > .aligncenter{width:100%;}.kadence-column_7f382e-d6 > .kt-inside-inner-col:before{opacity:0.3;}.kadence-column_7f382e-d6{position:relative;}@media all and (max-width: 1024px){.kadence-column_7f382e-d6 > .kt-inside-inner-col{flex-direction:column;justify-content:center;}}@media all and (max-width: 767px){.kadence-column_7f382e-d6 > .kt-inside-inner-col{padding-top:10px;padding-left:10px;flex-direction:column;justify-content:center;}}<\/style>\n<div class=\"wp-block-kadence-column inner-column-2 kadence-column_7f382e-d6\"><div class=\"kt-inside-inner-col\">\n<ol class=\"wp-block-list\" type=\"1\"><li>Expresa&nbsp;con creatividad, criticidad y coherencia sus pensamientos y sentimientos, interpretando con precisi\u00f3n instrucciones y mensajes, sea en su lengua materna, como en el idioma ingl\u00e9s.&nbsp;<\/li><li>Interpreta, argumenta, propone&nbsp;y resuelve&nbsp;situaciones hipot\u00e9ticas y reales, aplicando leyes, principios y conceptos de las diferentes ciencias, con un enfoque hol\u00edstico, sist\u00e9mico y flexible, con respeto a los valores y protecci\u00f3n del entorno.<\/li><li>Conoce&nbsp;y utiliza&nbsp;los sistemas de percepci\u00f3n en la actividad deportiva; practicando con perseverancia, responsabilidad la inteligencia emocional.<\/li><li>Desarrolla&nbsp;su curiosidad natural y habilidades para indagar y realizar investigaciones con autonom\u00eda en su aprendizaje.<\/li><li>Reconoce&nbsp;y valora&nbsp;la dignidad humana engrandecida por la encarnaci\u00f3n de Jesucristo, a la luz de una escala de valores humanos y cristianos enmarcados en principios b\u00edblicos.<\/li><li>Comunica&nbsp;est\u00e9ticamente sus pensamientos y sentimientos, reconociendo los diferentes espacios del arte con responsabilidad, respeto y disfrute.<\/li><li>Valora&nbsp;y aplica&nbsp;los adelantos cient\u00edficos y tecnol\u00f3gicos con independencia, criticidad, respeto y responsabilidad.<\/li><li>Eval\u00faa&nbsp;detenidamente su propio aprendizaje y experiencias, reconociendo sus cualidades y limitaciones.<\/li><li>Act\u00faa&nbsp;con resiliencia ante&nbsp;las dificultades que se le presentan.<\/li><\/ol>\n<\/div><\/div>\n<\/div><\/div><\/div>\n","protected":false},"excerpt":{"rendered":"<p>CONSEJO ESTUDIANTIL Presidenta Srta. Eileen Fiorella Torres Zea Vicepresidenta Sr. Carlos Eduardo Perez Secretaria Srta. Emily Taiz Campoverde Ponce Tesorero Sr. Michael Raul Rios Salazar 1er vocal principal Sr. Joseph Isai Cruz Rivera 2da vocal principal Srta. Kisbel de los \u00c1ngeles Bailon Arellano 3er vocal principal Srta. Kendra Paco Tapia ABANDERADOS PERFIL DEL ESTUDIANTE UEAS&#8230;<\/p>\n","protected":false},"author":1,"featured_media":619,"parent":0,"menu_order":0,"comment_status":"closed","ping_status":"closed","template":"","meta":{"_kad_blocks_custom_css":"","_kad_blocks_head_custom_js":"","_kad_blocks_body_custom_js":"","_kad_blocks_footer_custom_js":"","_kad_post_transparent":"","_kad_post_title":"","_kad_post_layout":"","_kad_post_sidebar_id":"","_kad_post_content_style":"","_kad_post_vertical_padding":"hide","_kad_post_feature":"","_kad_post_feature_position":"","_kad_post_header":false,"_kad_post_footer":false,"_kad_post_classname":"","footnotes":""},"class_list":["post-534","page","type-page","status-publish","has-post-thumbnail","hentry"],"featured_image_src_large":["https:\/\/ueamericadelsur.edu.ec\/copia\/wp-content\/uploads\/2022\/10\/frente1.jpg",1024,768,false],"author_info":{"display_name":"admin","author_link":"https:\/\/ueamericadelsur.edu.ec\/copia\/author\/admin\/"},"comment_info":0,"taxonomy_info":[],"_links":{"self":[{"href":"https:\/\/ueamericadelsur.edu.ec\/copia\/wp-json\/wp\/v2\/pages\/534","targetHints":{"allow":["GET"]}}],"collection":[{"href":"https:\/\/ueamericadelsur.edu.ec\/copia\/wp-json\/wp\/v2\/pages"}],"about":[{"href":"https:\/\/ueamericadelsur.edu.ec\/copia\/wp-json\/wp\/v2\/types\/page"}],"author":[{"embeddable":true,"href":"https:\/\/ueamericadelsur.edu.ec\/copia\/wp-json\/wp\/v2\/users\/1"}],"replies":[{"embeddable":true,"href":"https:\/\/ueamericadelsur.edu.ec\/copia\/wp-json\/wp\/v2\/comments?post=534"}],"version-history":[{"count":0,"href":"https:\/\/ueamericadelsur.edu.ec\/copia\/wp-json\/wp\/v2\/pages\/534\/revisions"}],"wp:featuredmedia":[{"embeddable":true,"href":"https:\/\/ueamericadelsur.edu.ec\/copia\/wp-json\/wp\/v2\/media\/619"}],"wp:attachment":[{"href":"https:\/\/ueamericadelsur.edu.ec\/copia\/wp-json\/wp\/v2\/media?parent=534"}],"curies":[{"name":"wp","href":"https:\/\/api.w.org\/{rel}","templated":true}]}}